{"id":526,"date":"2024-12-05T05:23:35","date_gmt":"2024-12-05T05:23:35","guid":{"rendered":"https:\/\/terminova.ca\/?page_id=526"},"modified":"2025-02-04T14:00:10","modified_gmt":"2025-02-04T14:00:10","slug":"nous-contacter","status":"publish","type":"page","link":"https:\/\/terminova.ca\/fr\/contact-us\/","title":{"rendered":"Nous contacter"},"content":{"rendered":"\n<p class=\"has-text-align-left has-large-font-size\"><strong><a href=\"https:\/\/terminova.ca\/\">Groupe Terminova Inc.<\/a><\/strong><\/p>\n\n\n\n<p class=\"has-text-align-left has-large-font-size\">All of our Experts &amp; Exterminators are certified by <strong>the Ministry of the Environment of Quebec.<\/strong><\/p>\n\n\n\n<div class=\"wpcf7 no-js\" id=\"wpcf7-f528-o1\" lang=\"en-US\" dir=\"ltr\" data-wpcf7-id=\"528\">\n<div class=\"screen-reader-response\"><p role=\"status\" aria-live=\"polite\" aria-atomic=\"true\"><\/p> <ul><\/ul><\/div>\n<form action=\"\/fr\/wp-json\/wp\/v2\/pages\/526#wpcf7-f528-o1\" method=\"post\" class=\"wpcf7-form init\" aria-label=\"Contact form\" novalidate=\"novalidate\" data-status=\"init\">\n<fieldset class=\"hidden-fields-container\"><input type=\"hidden\" name=\"_wpcf7\" value=\"528\" \/><input type=\"hidden\" name=\"_wpcf7_version\" value=\"6.1.5\" \/><input type=\"hidden\" name=\"_wpcf7_locale\" value=\"en_US\" \/><input type=\"hidden\" name=\"_wpcf7_unit_tag\" value=\"wpcf7-f528-o1\" \/><input type=\"hidden\" name=\"_wpcf7_container_post\" value=\"0\" \/><input type=\"hidden\" name=\"_wpcf7_posted_data_hash\" value=\"\" \/>\n<\/fieldset>\n<p><label> Your name<br \/>\n<span class=\"wpcf7-form-control-wrap\" data-name=\"your-name\"><input size=\"40\" maxlength=\"400\" class=\"wpcf7-form-control wpcf7-text wpcf7-validates-as-required\" autocomplete=\"name\" aria-required=\"true\" aria-invalid=\"false\" value=\"\" type=\"text\" name=\"your-name\" \/><\/span> <\/label>\n<\/p>\n<p><label> Your email<br \/>\n<span class=\"wpcf7-form-control-wrap\" data-name=\"your-email\"><input size=\"40\" maxlength=\"400\" class=\"wpcf7-form-control wpcf7-email wpcf7-validates-as-required wpcf7-text wpcf7-validates-as-email\" autocomplete=\"email\" aria-required=\"true\" aria-invalid=\"false\" value=\"\" type=\"email\" name=\"your-email\" \/><\/span> <\/label>\n<\/p>\n<p><label> Subject<br \/>\n<span class=\"wpcf7-form-control-wrap\" data-name=\"your-subject\"><input size=\"40\" maxlength=\"400\" class=\"wpcf7-form-control wpcf7-text wpcf7-validates-as-required\" aria-required=\"true\" aria-invalid=\"false\" value=\"\" type=\"text\" name=\"your-subject\" \/><\/span> <\/label>\n<\/p>\n<p><label> Your message (optional)<br \/>\n<span class=\"wpcf7-form-control-wrap\" data-name=\"your-message\"><textarea cols=\"40\" rows=\"10\" maxlength=\"2000\" class=\"wpcf7-form-control wpcf7-textarea\" aria-invalid=\"false\" name=\"your-message\"><\/textarea><\/span> <\/label>\n<\/p>\n<p><div class=\"dscf7-captcha-container\"><input name=\"dscf7_hidden_val1-dscf7captcha-699\" id=\"dscf7_hidden_val1-dscf7captcha-699\" type=\"hidden\" value=\"6\" \/><input name=\"dscf7_hidden_val2-dscf7captcha-699\" id=\"dscf7_hidden_val2-dscf7captcha-699\" type=\"hidden\" value=\"4\" \/><input name=\"dscf7_hidden_action-dscf7captcha-699\" id=\"dscf7_hidden_action-dscf7captcha-699\" type=\"hidden\" value=\"+\" \/><div class=\"dscf7-question-container\"><span class=\"dscf7_lt\">What is 4 + 6 ? <a href=\"javascript:void(0)\" id=\"dscf7captcha-699\" class=\"dscf7_refresh_captcha\" aria-label=\"Refresh captcha\"><img decoding=\"async\" class=\"dscf7_captcha_icon\" src=\"https:\/\/terminova.ca\/wp-content\/plugins\/ds-cf7-math-captcha\/assets\/img\/icons8-refresh-30.png\" alt=\"Refresh icon\"\/><img decoding=\"async\" class=\"dscf7_captcha_reload_icon\" src=\"https:\/\/terminova.ca\/wp-content\/plugins\/ds-cf7-math-captcha\/assets\/img\/446bcd468478f5bfb7b4e5c804571392_w200.gif\" alt=\"Refreshing captcha\" style=\"display:none; width:30px\" \/><\/a><\/span><\/div><div class=\"dscf7-answer-container\"><label for=\"dscf7captcha-699-input\" class=\"screen-reader-text\">Answer for 4 + 6<\/label><span class=\"wpcf7-form-control-wrap\" data-name=\"dscf7captcha-699\"><input type=\"text\" id=\"dscf7captcha-699-input\" aria-label=\"Answer for 4 + 6\" class=\"wpcf7-form-control wpcf7-text\" size=\"5\" value=\"\" name=\"dscf7captcha-699\" placeholder=\"Type your answer\" style=\"\" oninput=\"this.value = this.value.replace(\/[^0-9.]\/g, '').replace(\/(\\..*)\\.\/g, '$1');\"><\/span><input type=\"hidden\" name=\"ds_cf7_nonce\" value=\"6e5e7f2a78\"><\/div><\/div>\n<\/p>\n<p><input class=\"wpcf7-form-control wpcf7-submit has-spinner\" type=\"submit\" value=\"Submit\" \/>\n<\/p><div class=\"wpcf7-response-output\" aria-hidden=\"true\"><\/div>\n<\/form>\n<\/div>\n\n\n\n\n<figure class=\"wp-block-image size-large is-resized wp-duotone-unset-1\"><img fetchpriority=\"high\" decoding=\"async\" width=\"1024\" height=\"711\" src=\"https:\/\/terminova.ca\/wp-content\/uploads\/2025\/02\/cool_service_area_montreal_map-1024x711.png\" alt=\"\" class=\"wp-image-1490\" style=\"width:617px;height:auto\" srcset=\"https:\/\/terminova.ca\/wp-content\/uploads\/2025\/02\/cool_service_area_montreal_map-1024x711.png 1024w, https:\/\/terminova.ca\/wp-content\/uploads\/2025\/02\/cool_service_area_montreal_map-300x208.png 300w, https:\/\/terminova.ca\/wp-content\/uploads\/2025\/02\/cool_service_area_montreal_map-768x533.png 768w, https:\/\/terminova.ca\/wp-content\/uploads\/2025\/02\/cool_service_area_montreal_map-1536x1066.png 1536w, https:\/\/terminova.ca\/wp-content\/uploads\/2025\/02\/cool_service_area_montreal_map-2048x1421.png 2048w, https:\/\/terminova.ca\/wp-content\/uploads\/2025\/02\/cool_service_area_montreal_map-18x12.png 18w\" sizes=\"(max-width: 1024px) 100vw, 1024px\" \/><\/figure>\n\n\n<div class=\"wp-block-site-logo\"><a href=\"https:\/\/terminova.ca\/fr\/\" class=\"custom-logo-link\" rel=\"home\"><img decoding=\"async\" width=\"634\" height=\"166\" src=\"https:\/\/terminova.ca\/wp-content\/uploads\/2025\/02\/terminovafullblack.png\" class=\"custom-logo\" alt=\"\" srcset=\"https:\/\/terminova.ca\/wp-content\/uploads\/2025\/02\/terminovafullblack.png 7296w, https:\/\/terminova.ca\/wp-content\/uploads\/2025\/02\/terminovafullblack-300x79.png 300w, https:\/\/terminova.ca\/wp-content\/uploads\/2025\/02\/terminovafullblack-1024x269.png 1024w, https:\/\/terminova.ca\/wp-content\/uploads\/2025\/02\/terminovafullblack-768x202.png 768w, https:\/\/terminova.ca\/wp-content\/uploads\/2025\/02\/terminovafullblack-1536x404.png 1536w, https:\/\/terminova.ca\/wp-content\/uploads\/2025\/02\/terminovafullblack-2048x539.png 2048w, https:\/\/terminova.ca\/wp-content\/uploads\/2025\/02\/terminovafullblack-18x5.png 18w\" sizes=\"(max-width: 634px) 100vw, 634px\" \/><\/a><\/div>","protected":false},"excerpt":{"rendered":"<p>Groupe Terminova Inc. Tous nos experts et exterminateurs sont certifi\u00e9s par le minist\u00e8re de l'Environnement du Qu\u00e9bec.<\/p>","protected":false},"author":1,"featured_media":0,"parent":0,"menu_order":0,"comment_status":"closed","ping_status":"closed","template":"","meta":{"_editorskit_title_hidden":false,"_editorskit_reading_time":0,"_editorskit_is_block_options_detached":false,"_editorskit_block_options_position":"{}","_monsterinsights_skip_tracking":false,"_monsterinsights_sitenote_active":false,"_monsterinsights_sitenote_note":"","_monsterinsights_sitenote_category":0,"neve_meta_sidebar":"","neve_meta_container":"","neve_meta_enable_content_width":"","neve_meta_content_width":0,"neve_meta_title_alignment":"","neve_meta_author_avatar":"","neve_post_elements_order":"","neve_meta_disable_header":"","neve_meta_disable_footer":"","neve_meta_disable_title":"","_themeisle_gutenberg_block_has_review":false,"footnotes":""},"class_list":["post-526","page","type-page","status-publish","hentry"],"yoast_head":"<!-- This site is optimized with the Yoast SEO plugin v27.4 - https:\/\/yoast.com\/product\/yoast-seo-wordpress\/ -->\n<title>Contact Us -<\/title>\n<meta name=\"robots\" content=\"index, follow, max-snippet:-1, max-image-preview:large, max-video-preview:-1\" \/>\n<link rel=\"canonical\" href=\"https:\/\/terminova.ca\/fr\/nous-contacter\/\" \/>\n<meta property=\"og:locale\" content=\"fr_CA\" \/>\n<meta property=\"og:type\" content=\"article\" \/>\n<meta property=\"og:title\" content=\"Contact Us -\" \/>\n<meta property=\"og:description\" content=\"Groupe Terminova Inc. All of our Experts &amp; Exterminators are certified by the Ministry of the Environment of Quebec.\" \/>\n<meta property=\"og:url\" content=\"https:\/\/terminova.ca\/fr\/nous-contacter\/\" \/>\n<meta property=\"article:modified_time\" content=\"2025-02-04T14:00:10+00:00\" \/>\n<meta property=\"og:image\" content=\"https:\/\/terminova.ca\/wp-content\/uploads\/2025\/02\/cool_service_area_montreal_map-1024x711.png\" \/>\n<meta name=\"twitter:card\" content=\"summary_large_image\" \/>\n<meta name=\"twitter:label1\" content=\"Estimation du temps de lecture\" \/>\n\t<meta name=\"twitter:data1\" content=\"1 minute\" \/>\n<script type=\"application\/ld+json\" class=\"yoast-schema-graph\">{\"@context\":\"https:\\\/\\\/schema.org\",\"@graph\":[{\"@type\":\"WebPage\",\"@id\":\"https:\\\/\\\/terminova.ca\\\/contact-us\\\/\",\"url\":\"https:\\\/\\\/terminova.ca\\\/contact-us\\\/\",\"name\":\"Contact Us -\",\"isPartOf\":{\"@id\":\"https:\\\/\\\/terminova.ca\\\/#website\"},\"primaryImageOfPage\":{\"@id\":\"https:\\\/\\\/terminova.ca\\\/contact-us\\\/#primaryimage\"},\"image\":{\"@id\":\"https:\\\/\\\/terminova.ca\\\/contact-us\\\/#primaryimage\"},\"thumbnailUrl\":\"https:\\\/\\\/terminova.ca\\\/wp-content\\\/uploads\\\/2025\\\/02\\\/cool_service_area_montreal_map-1024x711.png\",\"datePublished\":\"2024-12-05T05:23:35+00:00\",\"dateModified\":\"2025-02-04T14:00:10+00:00\",\"breadcrumb\":{\"@id\":\"https:\\\/\\\/terminova.ca\\\/contact-us\\\/#breadcrumb\"},\"inLanguage\":\"fr-CA\",\"potentialAction\":[{\"@type\":\"ReadAction\",\"target\":[\"https:\\\/\\\/terminova.ca\\\/contact-us\\\/\"]}]},{\"@type\":\"ImageObject\",\"inLanguage\":\"fr-CA\",\"@id\":\"https:\\\/\\\/terminova.ca\\\/contact-us\\\/#primaryimage\",\"url\":\"https:\\\/\\\/terminova.ca\\\/wp-content\\\/uploads\\\/2025\\\/02\\\/cool_service_area_montreal_map-1024x711.png\",\"contentUrl\":\"https:\\\/\\\/terminova.ca\\\/wp-content\\\/uploads\\\/2025\\\/02\\\/cool_service_area_montreal_map-1024x711.png\"},{\"@type\":\"BreadcrumbList\",\"@id\":\"https:\\\/\\\/terminova.ca\\\/contact-us\\\/#breadcrumb\",\"itemListElement\":[{\"@type\":\"ListItem\",\"position\":1,\"name\":\"Home\",\"item\":\"https:\\\/\\\/terminova.ca\\\/\"},{\"@type\":\"ListItem\",\"position\":2,\"name\":\"Contact Us\"}]},{\"@type\":\"WebSite\",\"@id\":\"https:\\\/\\\/terminova.ca\\\/#website\",\"url\":\"https:\\\/\\\/terminova.ca\\\/\",\"name\":\"\",\"description\":\"Terminova\",\"potentialAction\":[{\"@type\":\"SearchAction\",\"target\":{\"@type\":\"EntryPoint\",\"urlTemplate\":\"https:\\\/\\\/terminova.ca\\\/?s={search_term_string}\"},\"query-input\":{\"@type\":\"PropertyValueSpecification\",\"valueRequired\":true,\"valueName\":\"search_term_string\"}}],\"inLanguage\":\"fr-CA\"}]}<\/script>\n<!-- \/ Yoast SEO plugin. -->","yoast_head_json":{"title":"Nous contacter -","robots":{"index":"index","follow":"follow","max-snippet":"max-snippet:-1","max-image-preview":"max-image-preview:large","max-video-preview":"max-video-preview:-1"},"canonical":"https:\/\/terminova.ca\/fr\/nous-contacter\/","og_locale":"fr_CA","og_type":"article","og_title":"Contact Us -","og_description":"Groupe Terminova Inc. All of our Experts &amp; Exterminators are certified by the Ministry of the Environment of Quebec.","og_url":"https:\/\/terminova.ca\/fr\/nous-contacter\/","article_modified_time":"2025-02-04T14:00:10+00:00","og_image":[{"url":"https:\/\/terminova.ca\/wp-content\/uploads\/2025\/02\/cool_service_area_montreal_map-1024x711.png","type":"","width":"","height":""}],"twitter_card":"summary_large_image","twitter_misc":{"Estimation du temps de lecture":"1 minute"},"schema":{"@context":"https:\/\/schema.org","@graph":[{"@type":"WebPage","@id":"https:\/\/terminova.ca\/contact-us\/","url":"https:\/\/terminova.ca\/contact-us\/","name":"Nous contacter -","isPartOf":{"@id":"https:\/\/terminova.ca\/#website"},"primaryImageOfPage":{"@id":"https:\/\/terminova.ca\/contact-us\/#primaryimage"},"image":{"@id":"https:\/\/terminova.ca\/contact-us\/#primaryimage"},"thumbnailUrl":"https:\/\/terminova.ca\/wp-content\/uploads\/2025\/02\/cool_service_area_montreal_map-1024x711.png","datePublished":"2024-12-05T05:23:35+00:00","dateModified":"2025-02-04T14:00:10+00:00","breadcrumb":{"@id":"https:\/\/terminova.ca\/contact-us\/#breadcrumb"},"inLanguage":"fr-CA","potentialAction":[{"@type":"ReadAction","target":["https:\/\/terminova.ca\/contact-us\/"]}]},{"@type":"ImageObject","inLanguage":"fr-CA","@id":"https:\/\/terminova.ca\/contact-us\/#primaryimage","url":"https:\/\/terminova.ca\/wp-content\/uploads\/2025\/02\/cool_service_area_montreal_map-1024x711.png","contentUrl":"https:\/\/terminova.ca\/wp-content\/uploads\/2025\/02\/cool_service_area_montreal_map-1024x711.png"},{"@type":"BreadcrumbList","@id":"https:\/\/terminova.ca\/contact-us\/#breadcrumb","itemListElement":[{"@type":"ListItem","position":1,"name":"Home","item":"https:\/\/terminova.ca\/"},{"@type":"ListItem","position":2,"name":"Contact Us"}]},{"@type":"WebSite","@id":"https:\/\/terminova.ca\/#website","url":"https:\/\/terminova.ca\/","name":"","description":"Terminova","potentialAction":[{"@type":"SearchAction","target":{"@type":"EntryPoint","urlTemplate":"https:\/\/terminova.ca\/?s={search_term_string}"},"query-input":{"@type":"PropertyValueSpecification","valueRequired":true,"valueName":"search_term_string"}}],"inLanguage":"fr-CA"}]}},"_links":{"self":[{"href":"https:\/\/terminova.ca\/fr\/wp-json\/wp\/v2\/pages\/526","targetHints":{"allow":["GET"]}}],"collection":[{"href":"https:\/\/terminova.ca\/fr\/wp-json\/wp\/v2\/pages"}],"about":[{"href":"https:\/\/terminova.ca\/fr\/wp-json\/wp\/v2\/types\/page"}],"author":[{"embeddable":true,"href":"https:\/\/terminova.ca\/fr\/wp-json\/wp\/v2\/users\/1"}],"replies":[{"embeddable":true,"href":"https:\/\/terminova.ca\/fr\/wp-json\/wp\/v2\/comments?post=526"}],"version-history":[{"count":15,"href":"https:\/\/terminova.ca\/fr\/wp-json\/wp\/v2\/pages\/526\/revisions"}],"predecessor-version":[{"id":1492,"href":"https:\/\/terminova.ca\/fr\/wp-json\/wp\/v2\/pages\/526\/revisions\/1492"}],"wp:attachment":[{"href":"https:\/\/terminova.ca\/fr\/wp-json\/wp\/v2\/media?parent=526"}],"curies":[{"name":"wp","href":"https:\/\/api.w.org\/{rel}","templated":true}]}}